{"id":368,"date":"2021-07-01T11:54:39","date_gmt":"2021-07-01T11:54:39","guid":{"rendered":"http:\/\/localhost\/dv-fiesta_pacific\/about-us\/"},"modified":"2021-07-27T10:47:38","modified_gmt":"2021-07-27T10:47:38","slug":"acerca-de","status":"publish","type":"page","link":"https:\/\/siteproofs.com\/projects\/webpublishing-dev\/fiesta_pacific\/es\/acerca-de\/","title":{"rendered":"Acerca de"},"content":{"rendered":"<p><img loading=\"lazy\" decoding=\"async\" class=\"size-medium wp-image-138 alignright\" src=\"http:\/\/siteproofs.com\/projects\/webpublishing-dev\/fiesta_pacific\/wp-content\/uploads\/2021\/07\/about-us-img-1-300x188.jpg\" alt=\"\" width=\"300\" height=\"188\" srcset=\"https:\/\/siteproofs.com\/projects\/webpublishing-dev\/fiesta_pacific\/wp-content\/uploads\/2021\/07\/about-us-img-1-300x188.jpg 300w, https:\/\/siteproofs.com\/projects\/webpublishing-dev\/fiesta_pacific\/wp-content\/uploads\/2021\/07\/about-us-img-1.jpg 480w\" sizes=\"auto, (max-width: 300px) 100vw, 300px\" \/><span style=\"font-weight: 400;\">Desde 1980 Fiesta Pacific Products fue fundada como negocio familiar y se ha establecido entre los millones de consumidores como el productor principal de aguas frescas al estilo mexicano. Fiesta Pacific Products la primera empresa dentro de esta categor\u00eda de bebidas que producen una amplia variedad de sabores en un mercado que cada d\u00eda es m\u00e1s competitivo. Para Manuel Marruenda, fundador inicio su negocio desde casa, fabricando y distribuyendo estas aguas frescas tales como: Horchata, Jamaica y Tamarindo a clientes del Sur de California. La Empresa ha crecido desde entonces, con una amplia variedad de sabores de extractos naturales. <\/span><span style=\"font-weight: 400;\"><br \/>\n<\/span><span style=\"font-weight: 400;\"><br \/>\n<\/span><span style=\"font-weight: 400;\">La empresa ahora sirve a m\u00e1s de 2000 clientes con dispensadores de bebida y m\u00e1quinas autom\u00e1ticas post-mix, de las cuales la mayor\u00eda son instaladas en restaurantes de comida r\u00e1pida mexicana y tiendas de servicio las 24 horas. Tambi\u00e9n los podemos ver en otras presentaciones en la forma concentrada en mercados locales y supermercados. El orgullo de Fiesta Pacific Products es la fabricaci\u00f3n de los productos que son sacados de recetas caseras aut\u00e9nticas mexicanas. Toda la fabricaci\u00f3n es hecha en la planta principal y operada desde las oficinas ejecutivas, aun el Sr. Marruenda puede ser visto haciendo sus recorridos en la planta ense\u00f1ando a sus empleados la importancia en el servicio, su eficiencia y control de calidad. <\/span><span style=\"font-weight: 400;\"><br \/>\n<\/span><span style=\"font-weight: 400;\"><br \/>\n<\/span><strong>Los Productos de Fiesta se distribuyen en:<\/strong>\u00a0Arizona, California, Colorado, Idaho, Illinois, Kansas, Nebraska, Nevada, Missouri, Utah y Texas.<\/p>\n","protected":false},"excerpt":{"rendered":"<p>Desde 1980 Fiesta Pacific Products fue fundada como negocio familiar y se ha establecido entre los millones de consumidores como el productor principal de aguas frescas al estilo mexicano. Fiesta Pacific Products la primera empresa dentro de esta categor\u00eda de bebidas que producen una amplia variedad de sabores en un mercado que cada d\u00eda es [&hellip;]<\/p>\n","protected":false},"author":1,"featured_media":0,"parent":0,"menu_order":0,"comment_status":"closed","ping_status":"closed","template":"","meta":{"_acf_changed":false,"footnotes":""},"class_list":["post-368","page","type-page","status-publish","hentry"],"acf":[],"_links":{"self":[{"href":"https:\/\/siteproofs.com\/projects\/webpublishing-dev\/fiesta_pacific\/es\/wp-json\/wp\/v2\/pages\/368","targetHints":{"allow":["GET"]}}],"collection":[{"href":"https:\/\/siteproofs.com\/projects\/webpublishing-dev\/fiesta_pacific\/es\/wp-json\/wp\/v2\/pages"}],"about":[{"href":"https:\/\/siteproofs.com\/projects\/webpublishing-dev\/fiesta_pacific\/es\/wp-json\/wp\/v2\/types\/page"}],"author":[{"embeddable":true,"href":"https:\/\/siteproofs.com\/projects\/webpublishing-dev\/fiesta_pacific\/es\/wp-json\/wp\/v2\/users\/1"}],"replies":[{"embeddable":true,"href":"https:\/\/siteproofs.com\/projects\/webpublishing-dev\/fiesta_pacific\/es\/wp-json\/wp\/v2\/comments?post=368"}],"version-history":[{"count":5,"href":"https:\/\/siteproofs.com\/projects\/webpublishing-dev\/fiesta_pacific\/es\/wp-json\/wp\/v2\/pages\/368\/revisions"}],"predecessor-version":[{"id":873,"href":"https:\/\/siteproofs.com\/projects\/webpublishing-dev\/fiesta_pacific\/es\/wp-json\/wp\/v2\/pages\/368\/revisions\/873"}],"wp:attachment":[{"href":"https:\/\/siteproofs.com\/projects\/webpublishing-dev\/fiesta_pacific\/es\/wp-json\/wp\/v2\/media?parent=368"}],"curies":[{"name":"wp","href":"https:\/\/api.w.org\/{rel}","templated":true}]}}